{"id":13,"date":"2026-05-07T02:59:00","date_gmt":"2026-05-07T02:59:00","guid":{"rendered":"https:\/\/novasigroup.com\/?page_id=13"},"modified":"2026-05-07T03:04:03","modified_gmt":"2026-05-07T03:04:03","slug":"en-construccion","status":"publish","type":"page","link":"https:\/\/novasigroup.com\/en\/","title":{"rendered":"En construcci\u00f3n"},"content":{"rendered":"<p>[et_pb_section fb_built=&#8221;1&#8243; _builder_version=&#8221;4.27.2&#8243; _module_preset=&#8221;default&#8221; background_image=&#8221;https:\/\/novasigroup.com\/wp-content\/uploads\/2026\/05\/Grua-azul-BN.png&#8221; background_size=&#8221;initial&#8221; background_position=&#8221;center_right&#8221; width=&#8221;100%&#8221; background_last_edited=&#8221;on|desktop&#8221; background_enable_image_tablet=&#8221;off&#8221; global_colors_info=&#8221;{}&#8221;][et_pb_row column_structure=&#8221;3_4,1_4&#8243; _builder_version=&#8221;4.27.2&#8243; _module_preset=&#8221;default&#8221; width=&#8221;90%&#8221; max_width=&#8221;90%&#8221; custom_padding=&#8221;80px||||false|false&#8221; global_colors_info=&#8221;{}&#8221;][et_pb_column type=&#8221;3_4&#8243; _builder_version=&#8221;4.27.2&#8243; _module_preset=&#8221;default&#8221; global_colors_info=&#8221;{}&#8221;][et_pb_text _builder_version=&#8221;4.27.2&#8243; _module_preset=&#8221;default&#8221; header_font=&#8221;Anybody|700|||||||&#8221; header_text_color=&#8221;gcid-5681849a-732d-4762-bcdf-07f546b34c11&#8243; header_font_size=&#8221;82px&#8221; header_font_size_tablet=&#8221;82px&#8221; header_font_size_phone=&#8221;42px&#8221; header_font_size_last_edited=&#8221;on|phone&#8221; global_colors_info=&#8221;{%22gcid-5681849a-732d-4762-bcdf-07f546b34c11%22:%91%22header_text_color%22%93}&#8221;]<\/p>\n<h1>SITIO EN CONSTRUCCI\u00d3N<\/h1>\n<p>[\/et_pb_text][et_pb_text _builder_version=&#8221;4.27.2&#8243; _module_preset=&#8221;default&#8221; text_font=&#8221;Montserrat||||||||&#8221; text_text_color=&#8221;gcid-5681849a-732d-4762-bcdf-07f546b34c11&#8243; text_font_size=&#8221;16px&#8221; text_line_height=&#8221;1.9em&#8221; width=&#8221;80%&#8221; width_tablet=&#8221;80%&#8221; width_phone=&#8221;100%&#8221; width_last_edited=&#8221;on|phone&#8221; custom_margin=&#8221;-20px||||false|false&#8221; global_colors_info=&#8221;{%22gcid-5681849a-732d-4762-bcdf-07f546b34c11%22:%91%22text_text_color%22%93}&#8221;]Nuestro sitio web se encuentra en desarrollo para brindarte una mejor experiencia. Mientras tanto, nuestro equipo est\u00e1 listo para atenderte y ofrecerte la mejor soluci\u00f3n para sus proyectos.[\/et_pb_text][et_pb_button button_url=&#8221;https:\/\/api.whatsapp.com\/send?phone=528122004951&#038;text=%C2%A1Hola!%20Me%20interesan%20sus%20servicios%20de%20renta%20y%20venta%20de%20maquinaria%20%20&#8243; url_new_window=&#8221;on&#8221; button_text=&#8221;Cont\u00e1ctanos&#8221; _builder_version=&#8221;4.27.2&#8243; _module_preset=&#8221;default&#8221; custom_button=&#8221;on&#8221; button_text_size=&#8221;18px&#8221; button_text_color=&#8221;gcid-0a9315e4-9d62-429a-b756-55091dcf60b3&#8243; button_bg_color=&#8221;#fca226&#8243; button_border_width=&#8221;0px&#8221; button_border_radius=&#8221;32px&#8221; button_font=&#8221;Montserrat|700|||||||&#8221; button_use_icon=&#8221;off&#8221; custom_padding=&#8221;16px|42px|16px|42px|true|true&#8221; global_colors_info=&#8221;{%22gcid-0a9315e4-9d62-429a-b756-55091dcf60b3%22:%91%22button_text_color%22%93}&#8221; transform_styles__hover_enabled=&#8221;on|hover&#8221; transform_scale__hover_enabled=&#8221;on|hover&#8221; transform_translate__hover_enabled=&#8221;on|desktop&#8221; transform_rotate__hover_enabled=&#8221;on|desktop&#8221; transform_skew__hover_enabled=&#8221;on|desktop&#8221; transform_origin__hover_enabled=&#8221;on|desktop&#8221; transform_scale__hover=&#8221;104%|104%&#8221;][\/et_pb_button][\/et_pb_column][et_pb_column type=&#8221;1_4&#8243; _builder_version=&#8221;4.27.2&#8243; _module_preset=&#8221;default&#8221; custom_css_main_element=&#8221;display:none;&#8221; global_colors_info=&#8221;{}&#8221; custom_css_main_element_last_edited=&#8221;on|phone&#8221; custom_css_main_element_tablet=&#8221;display:none;&#8221; custom_css_main_element_phone=&#8221;display:none;&#8221;][\/et_pb_column][\/et_pb_row][\/et_pb_section][et_pb_section fb_built=&#8221;1&#8243; _builder_version=&#8221;4.27.2&#8243; _module_preset=&#8221;default&#8221; custom_margin=&#8221;0px||0px||true|false&#8221; custom_padding=&#8221;0px||0px||true|false&#8221; global_colors_info=&#8221;{}&#8221;][et_pb_row disabled_on=&#8221;off|off|on&#8221; _builder_version=&#8221;4.27.2&#8243; _module_preset=&#8221;default&#8221; width=&#8221;100%&#8221; max_width=&#8221;100%&#8221; hover_enabled=&#8221;0&#8243; global_colors_info=&#8221;{}&#8221; custom_margin=&#8221;-80px||||false|false&#8221; sticky_enabled=&#8221;0&#8243;][et_pb_column type=&#8221;4_4&#8243; _builder_version=&#8221;4.27.2&#8243; _module_preset=&#8221;default&#8221; global_colors_info=&#8221;{}&#8221;][et_pb_image src=&#8221;https:\/\/novasigroup.com\/wp-content\/uploads\/2026\/05\/Grua-azul-BN.png&#8221; title_text=&#8221;Gru\u0301a-azul BN&#8221; align=&#8221;right&#8221; _builder_version=&#8221;4.27.2&#8243; _module_preset=&#8221;default&#8221; global_colors_info=&#8221;{}&#8221;][\/et_pb_image][\/et_pb_column][\/et_pb_row][et_pb_row _builder_version=&#8221;4.27.2&#8243; _module_preset=&#8221;default&#8221; width=&#8221;100%&#8221; max_width=&#8221;100%&#8221; custom_padding=&#8221;0px||0px||true|false&#8221; hover_enabled=&#8221;0&#8243; global_colors_info=&#8221;{}&#8221; disabled_on=&#8221;on|on|off&#8221; sticky_enabled=&#8221;0&#8243;][et_pb_column type=&#8221;4_4&#8243; _builder_version=&#8221;4.27.2&#8243; _module_preset=&#8221;default&#8221; global_colors_info=&#8221;{}&#8221;][et_pb_image src=&#8221;https:\/\/novasigroup.com\/wp-content\/uploads\/2026\/05\/EnConstruccion.png&#8221; title_text=&#8221;EnConstruccio\u0301n&#8221; _builder_version=&#8221;4.27.2&#8243; _module_preset=&#8221;default&#8221; global_colors_info=&#8221;{}&#8221;][\/et_pb_image][\/et_pb_column][\/et_pb_row][\/et_pb_section]<\/p>\n","protected":false},"excerpt":{"rendered":"<p>SITIO EN CONSTRUCCI\u00d3NNuestro sitio web se encuentra en desarrollo para brindarte una mejor experiencia. Mientras tanto, nuestro equipo est\u00e1 listo para atenderte y ofrecerte la mejor soluci\u00f3n para sus proyectos.<\/p>","protected":false},"author":1,"featured_media":0,"parent":0,"menu_order":0,"comment_status":"closed","ping_status":"closed","template":"","meta":{"_et_pb_use_builder":"on","_et_pb_old_content":"","_et_gb_content_width":"","footnotes":""},"class_list":["post-13","page","type-page","status-publish","hentry"],"_links":{"self":[{"href":"https:\/\/novasigroup.com\/en\/wp-json\/wp\/v2\/pages\/13","targetHints":{"allow":["GET"]}}],"collection":[{"href":"https:\/\/novasigroup.com\/en\/wp-json\/wp\/v2\/pages"}],"about":[{"href":"https:\/\/novasigroup.com\/en\/wp-json\/wp\/v2\/types\/page"}],"author":[{"embeddable":true,"href":"https:\/\/novasigroup.com\/en\/wp-json\/wp\/v2\/users\/1"}],"replies":[{"embeddable":true,"href":"https:\/\/novasigroup.com\/en\/wp-json\/wp\/v2\/comments?post=13"}],"version-history":[{"count":5,"href":"https:\/\/novasigroup.com\/en\/wp-json\/wp\/v2\/pages\/13\/revisions"}],"predecessor-version":[{"id":23,"href":"https:\/\/novasigroup.com\/en\/wp-json\/wp\/v2\/pages\/13\/revisions\/23"}],"wp:attachment":[{"href":"https:\/\/novasigroup.com\/en\/wp-json\/wp\/v2\/media?parent=13"}],"curies":[{"name":"wp","href":"https:\/\/api.w.org\/{rel}","templated":true}]}}